{"id":53,"date":"2017-03-06T10:36:30","date_gmt":"2017-03-06T09:36:30","guid":{"rendered":"http:\/\/192.168.0.243\/?page_id=53"},"modified":"2025-09-11T00:53:45","modified_gmt":"2025-09-10T22:53:45","slug":"cours-complementaires","status":"publish","type":"page","link":"http:\/\/eijgarros.fr\/?page_id=53","title":{"rendered":"Ateliers Compl\u00e9mentaires"},"content":{"rendered":"\n<p>Les \u00e9l\u00e8ves inscrits \u00e0 un cours d&rsquo;instrument peuvent participer \u00e0 un atelier compl\u00e9mentaire parmi un large choix d&rsquo;orchestres, de cours th\u00e9oriques (harmonie) ou de pratique instrumentale (initiation batterie ou percussions, coaching&#8230;). Tous les orchestres sont amen\u00e9s \u00e0 monter sur sc\u00e8ne, \u00e0 l&rsquo;occasion de spectacles de l&rsquo;Ecole ou d&rsquo;\u00e9v\u00e9nements ext\u00e9rieurs.<\/p>\n\n\n\n<p>Les \u00e9l\u00e8ves souhaitant participer \u00e0 plusieurs ateliers doivent s&rsquo;acquiter d&rsquo;une participation financi\u00e8re (<a href=\"http:\/\/eijgarros.fr\/?page_id=59\"><strong>se reporter \u00e0 la page S&rsquo;inscrire pour conna\u00eetre les tarifs<\/strong><\/a>)<\/p>\n\n\n\n<hr class=\"wp-block-separator has-alpha-channel-opacity\"\/>\n\n\n\n<div class=\"wp-block-group\"><div class=\"wp-block-group__inner-container is-layout-constrained wp-block-group-is-layout-constrained\">\n<h3 class=\"wp-block-heading\"><strong>Big Band de l&rsquo;EIJ<\/strong><br><em>Jeudi de 18h30 \u00e0 20h00<\/em><\/h3>\n\n\n\n<div class=\"wp-block-media-text alignwide is-stacked-on-mobile\"><figure class=\"wp-block-media-text__media\"><img loading=\"lazy\" decoding=\"async\" width=\"300\" height=\"200\" src=\"http:\/\/eijgarros.fr\/wp-content\/uploads\/2018\/02\/BBEIJ-300x200.jpg\" alt=\"\" class=\"wp-image-592 size-full\" srcset=\"http:\/\/eijgarros.fr\/wp-content\/uploads\/2018\/02\/BBEIJ-300x200.jpg 300w, http:\/\/eijgarros.fr\/wp-content\/uploads\/2018\/02\/BBEIJ-768x512.jpg 768w, http:\/\/eijgarros.fr\/wp-content\/uploads\/2018\/02\/BBEIJ-700x467.jpg 700w\" sizes=\"auto, (max-width: 300px) 100vw, 300px\" \/><\/figure><div class=\"wp-block-media-text__content\">\n<p>Ici, se retrouvent en grande formation (environ 20 musiciens) tous les instruments de notre \u00e9cole. Sur des arrangements originaux ou sur des classiques du jazz, les musiciens d\u00e9couvrent ce qui fait la discipline d&rsquo;un grand groupe : \u00e9coute, interpr\u00e9tation, partage&#8230; avec <strong>Fran\u00e7ois Jaeger<\/strong>.<\/p>\n<\/div><\/div>\n\n\n\n<hr class=\"wp-block-separator has-alpha-channel-opacity\"\/>\n<\/div><\/div>\n\n\n\n<div class=\"wp-block-group\"><div class=\"wp-block-group__inner-container is-layout-constrained wp-block-group-is-layout-constrained\">\n<h3 class=\"wp-block-heading\"><strong>Orchestres ados &amp; juniors<\/strong><br><em>Juniors : Jeudi de 17h30 \u00e0 18h30<\/em><br><em>Ados : Jeudi de 18h30 \u00e0 19h30<\/em><\/h3>\n\n\n\n<div class=\"wp-block-media-text alignwide is-stacked-on-mobile\"><figure class=\"wp-block-media-text__media\"><img loading=\"lazy\" decoding=\"async\" width=\"300\" height=\"200\" src=\"http:\/\/eijgarros.fr\/wp-content\/uploads\/2018\/05\/Audition-Classes-dOrchestre-05-lt-300x200.jpg\" alt=\"\" class=\"wp-image-733 size-full\" srcset=\"http:\/\/eijgarros.fr\/wp-content\/uploads\/2018\/05\/Audition-Classes-dOrchestre-05-lt-300x200.jpg 300w, http:\/\/eijgarros.fr\/wp-content\/uploads\/2018\/05\/Audition-Classes-dOrchestre-05-lt-768x512.jpg 768w, http:\/\/eijgarros.fr\/wp-content\/uploads\/2018\/05\/Audition-Classes-dOrchestre-05-lt-700x467.jpg 700w, http:\/\/eijgarros.fr\/wp-content\/uploads\/2018\/05\/Audition-Classes-dOrchestre-05-lt.jpg 1200w\" sizes=\"auto, (max-width: 300px) 100vw, 300px\" \/><\/figure><div class=\"wp-block-media-text__content\">\n<p>Avec <strong>Sergio Galv\u00e3o<\/strong>, les enfants et les adolescents peuvent faire leurs premiers pas en orchestre. Au fil de leur progression, ils peuvent passer de la classe juniors (8-12 ans) \u00e0 la classe ados (13-17 ans). Comme les adultes, ils participent aux auditions de l&rsquo;\u00e9cole. Les juniors ont d&rsquo;ailleurs r\u00e9cemment pris part au spectacle \u00ab\u00a0Bruits de Cuisine\u00a0\u00bb cr\u00e9\u00e9 par le Centre Dramatique National de Rouen.<\/p>\n<\/div><\/div>\n\n\n\n<hr class=\"wp-block-separator has-alpha-channel-opacity\"\/>\n<\/div><\/div>\n\n\n\n<div class=\"wp-block-group\"><div class=\"wp-block-group__inner-container is-layout-constrained wp-block-group-is-layout-constrained\">\n<h3 class=\"wp-block-heading\"><strong>Orchestre New Orleans<\/strong> (Jazz traditionnel)<br><em>Jeudi de 20h30 \u00e0 22h<\/em><\/h3>\n\n\n\n<div class=\"wp-block-media-text alignwide is-stacked-on-mobile\"><figure class=\"wp-block-media-text__media\"><img loading=\"lazy\" decoding=\"async\" width=\"300\" height=\"200\" src=\"http:\/\/eijgarros.fr\/wp-content\/uploads\/2018\/05\/Classe-New-EIJ-Ariel-MSA-300x200.jpg\" alt=\"\" class=\"wp-image-734 size-full\" srcset=\"http:\/\/eijgarros.fr\/wp-content\/uploads\/2018\/05\/Classe-New-EIJ-Ariel-MSA-300x200.jpg 300w, http:\/\/eijgarros.fr\/wp-content\/uploads\/2018\/05\/Classe-New-EIJ-Ariel-MSA-768x512.jpg 768w, http:\/\/eijgarros.fr\/wp-content\/uploads\/2018\/05\/Classe-New-EIJ-Ariel-MSA-700x467.jpg 700w, http:\/\/eijgarros.fr\/wp-content\/uploads\/2018\/05\/Classe-New-EIJ-Ariel-MSA.jpg 1620w\" sizes=\"auto, (max-width: 300px) 100vw, 300px\" \/><\/figure><div class=\"wp-block-media-text__content\">\n<p>Au sein de cette grande formation (une vingtaine d&rsquo;\u00e9l\u00e8ves), on reprend des compositions du courant \u00ab\u00a0New Orleans\u00a0\u00bb, ville qui a vu na\u00eetre le jazz au d\u00e9but du XX\u00e8me si\u00e8cle. L&rsquo;ensemble est dirig\u00e9 par <strong>Sergio Galv\u00e3o<\/strong>.<\/p>\n<\/div><\/div>\n\n\n\n<hr class=\"wp-block-separator has-alpha-channel-opacity\"\/>\n<\/div><\/div>\n\n\n\n<div class=\"wp-block-group\"><div class=\"wp-block-group__inner-container is-layout-constrained wp-block-group-is-layout-constrained\">\n<h3 class=\"wp-block-heading\"><strong>Atelier rythmique<\/strong><br><em>Lundi et Mardi de 19h30 \u00e0 20h30<\/em><\/h3>\n\n\n\n<div class=\"wp-block-media-text alignwide is-stacked-on-mobile is-vertically-aligned-top\"><figure class=\"wp-block-media-text__media\"><img loading=\"lazy\" decoding=\"async\" width=\"278\" height=\"300\" src=\"http:\/\/eijgarros.fr\/wp-content\/uploads\/2018\/02\/YES-278x300.jpg\" alt=\"\" class=\"wp-image-573 size-full\" srcset=\"http:\/\/eijgarros.fr\/wp-content\/uploads\/2018\/02\/YES-278x300.jpg 278w, http:\/\/eijgarros.fr\/wp-content\/uploads\/2018\/02\/YES-768x828.jpg 768w, http:\/\/eijgarros.fr\/wp-content\/uploads\/2018\/02\/YES-700x755.jpg 700w\" sizes=\"auto, (max-width: 278px) 100vw, 278px\" \/><\/figure><div class=\"wp-block-media-text__content\">\n<p>Cet atelier est con\u00e7u pour les instruments de la \u00ab\u00a0rythmique\u00a0\u00bb (piano, basse, batterie, guitare), et ses sp\u00e9cificit\u00e9s dans un orchestre. On y apprend aussi la coh\u00e9sion, on y fait ses premiers pas en groupe avec <strong>Bertrand Couloume<\/strong> et <strong>Lucas Baudon<\/strong>.<\/p>\n<\/div><\/div>\n\n\n\n<hr class=\"wp-block-separator has-alpha-channel-opacity\"\/>\n<\/div><\/div>\n\n\n\n<div class=\"wp-block-group\"><div class=\"wp-block-group__inner-container is-layout-constrained wp-block-group-is-layout-constrained\">\n<h3 class=\"wp-block-heading\"><strong>Ensemble de saxophones<\/strong><br><em>Samedi de 11h30 \u00e0 12h30<\/em><\/h3>\n\n\n\n<div class=\"wp-block-media-text alignwide is-stacked-on-mobile is-vertically-aligned-top\"><figure class=\"wp-block-media-text__media\"><img loading=\"lazy\" decoding=\"async\" width=\"300\" height=\"200\" src=\"http:\/\/eijgarros.fr\/wp-content\/uploads\/2018\/05\/Audition-Classes-dOrchestre-08-lt-300x200.jpg\" alt=\"\" class=\"wp-image-736 size-full\" srcset=\"http:\/\/eijgarros.fr\/wp-content\/uploads\/2018\/05\/Audition-Classes-dOrchestre-08-lt-300x200.jpg 300w, http:\/\/eijgarros.fr\/wp-content\/uploads\/2018\/05\/Audition-Classes-dOrchestre-08-lt-768x512.jpg 768w, http:\/\/eijgarros.fr\/wp-content\/uploads\/2018\/05\/Audition-Classes-dOrchestre-08-lt-700x467.jpg 700w, http:\/\/eijgarros.fr\/wp-content\/uploads\/2018\/05\/Audition-Classes-dOrchestre-08-lt.jpg 1200w\" sizes=\"auto, (max-width: 300px) 100vw, 300px\" \/><\/figure><div class=\"wp-block-media-text__content\">\n<p>Cette formation est compos\u00e9e exclusivement de saxophones, qu&rsquo;ils soient alto, soprano, t\u00e9nors ou basse. Cet ensemble permet de m\u00e9langer des musiciens de niveaux divers, et c&rsquo;est pour beaucoup l&rsquo;occasion d&rsquo;une premi\u00e8re exp\u00e9rience de groupe. <strong>Sergio Galv\u00e3o<\/strong> \u00e9crit et arrange pour cet ensemble.<\/p>\n<\/div><\/div>\n\n\n\n<hr class=\"wp-block-separator has-alpha-channel-opacity\"\/>\n<\/div><\/div>\n\n\n\n<div class=\"wp-block-group\"><div class=\"wp-block-group__inner-container is-layout-constrained wp-block-group-is-layout-constrained\">\n<h3 class=\"wp-block-heading\"><strong><strong>Orchestre standards<\/strong> 1<\/strong><br><em>Samedi de 9h30 \u00e0 10h30<\/em><\/h3>\n\n\n\n<div class=\"wp-block-media-text alignwide is-stacked-on-mobile is-vertically-aligned-top\"><figure class=\"wp-block-media-text__media\"><img loading=\"lazy\" decoding=\"async\" width=\"300\" height=\"225\" src=\"http:\/\/eijgarros.fr\/wp-content\/uploads\/2018\/05\/Concert-des-\u00e9l\u00e8ves-au-profit-du-T\u00e9l\u00e9thon-06-lt-300x225.jpg\" alt=\"\" class=\"wp-image-738 size-full\" srcset=\"http:\/\/eijgarros.fr\/wp-content\/uploads\/2018\/05\/Concert-des-\u00e9l\u00e8ves-au-profit-du-T\u00e9l\u00e9thon-06-lt-300x225.jpg 300w, http:\/\/eijgarros.fr\/wp-content\/uploads\/2018\/05\/Concert-des-\u00e9l\u00e8ves-au-profit-du-T\u00e9l\u00e9thon-06-lt-768x576.jpg 768w, http:\/\/eijgarros.fr\/wp-content\/uploads\/2018\/05\/Concert-des-\u00e9l\u00e8ves-au-profit-du-T\u00e9l\u00e9thon-06-lt-700x525.jpg 700w, http:\/\/eijgarros.fr\/wp-content\/uploads\/2018\/05\/Concert-des-\u00e9l\u00e8ves-au-profit-du-T\u00e9l\u00e9thon-06-lt.jpg 1200w\" sizes=\"auto, (max-width: 300px) 100vw, 300px\" \/><\/figure><div class=\"wp-block-media-text__content\">\n<p>Pour les \u00e9l\u00e8ves qui d\u00e9butent en orchestre, <strong>Sergio Galv\u00e3o<\/strong> propose la formation \u00ab\u00a0Standards 1\u00a0\u00bb. Celle-ci est parfois surnomm\u00e9e \u00ab\u00a0Les L\u00e8v&rsquo;t\u00f4t\u00a0\u00bb, en raison de son heure matinale le samedi.<\/p>\n<\/div><\/div>\n\n\n\n<hr class=\"wp-block-separator has-alpha-channel-opacity\"\/>\n<\/div><\/div>\n\n\n\n<div class=\"wp-block-group\"><div class=\"wp-block-group__inner-container is-layout-constrained wp-block-group-is-layout-constrained\">\n<h3 class=\"wp-block-heading\"><strong>Orchestre standards 2<\/strong><br><em>Samedi de 10h30 \u00e0 11h30<\/em><\/h3>\n\n\n\n<div class=\"wp-block-media-text alignwide is-stacked-on-mobile is-vertically-aligned-top\"><figure class=\"wp-block-media-text__media\"><img loading=\"lazy\" decoding=\"async\" width=\"300\" height=\"200\" src=\"http:\/\/eijgarros.fr\/wp-content\/uploads\/2018\/05\/Classe-Standards-1\u00e8re-partie-Cin\u00e9ma-Ariel-Mont-Saint-Aignan03-lt-300x200.jpg\" alt=\"\" class=\"wp-image-737 size-full\" srcset=\"http:\/\/eijgarros.fr\/wp-content\/uploads\/2018\/05\/Classe-Standards-1\u00e8re-partie-Cin\u00e9ma-Ariel-Mont-Saint-Aignan03-lt-300x200.jpg 300w, http:\/\/eijgarros.fr\/wp-content\/uploads\/2018\/05\/Classe-Standards-1\u00e8re-partie-Cin\u00e9ma-Ariel-Mont-Saint-Aignan03-lt-768x512.jpg 768w, http:\/\/eijgarros.fr\/wp-content\/uploads\/2018\/05\/Classe-Standards-1\u00e8re-partie-Cin\u00e9ma-Ariel-Mont-Saint-Aignan03-lt-700x467.jpg 700w, http:\/\/eijgarros.fr\/wp-content\/uploads\/2018\/05\/Classe-Standards-1\u00e8re-partie-Cin\u00e9ma-Ariel-Mont-Saint-Aignan03-lt.jpg 1200w\" sizes=\"auto, (max-width: 300px) 100vw, 300px\" \/><\/figure><div class=\"wp-block-media-text__content\">\n<p>Cet ensemble regroupant une grande vari\u00e9t\u00e9 d&rsquo;instruments s&rsquo;adresse, sous la direction de <strong>Sergio Galv\u00e3o<\/strong>, aux \u00e9l\u00e8ves qui veulent se frotter au r\u00e9pertoire des standards de jazz classique et moderne. L&rsquo;orchestre \u00ab\u00a0Standards\u00a02 \u00bb, assez exp\u00e9riment\u00e9, se produit r\u00e9guli\u00e8rement sur des sc\u00e8nes amateures locales et r\u00e9gionales.<\/p>\n<\/div><\/div>\n\n\n\n<hr class=\"wp-block-separator has-alpha-channel-opacity\"\/>\n<\/div><\/div>\n\n\n\n<div class=\"wp-block-group\"><div class=\"wp-block-group__inner-container is-layout-constrained wp-block-group-is-layout-constrained\">\n<h3 class=\"wp-block-heading\"><strong>Jazz Fusion<\/strong><br><em>Vendredi soir<\/em><\/h3>\n\n\n\n<div class=\"wp-block-media-text alignwide is-stacked-on-mobile is-vertically-aligned-top\" style=\"grid-template-columns:26% auto\"><figure class=\"wp-block-media-text__media\"><img loading=\"lazy\" decoding=\"async\" width=\"700\" height=\"1145\" src=\"http:\/\/eijgarros.fr\/wp-content\/uploads\/2025\/09\/Niels-Chat-vertnoir-et-blanc-700x1145.jpg\" alt=\"\" class=\"wp-image-2148 size-full\" srcset=\"http:\/\/eijgarros.fr\/wp-content\/uploads\/2025\/09\/Niels-Chat-vertnoir-et-blanc-700x1145.jpg 700w, http:\/\/eijgarros.fr\/wp-content\/uploads\/2025\/09\/Niels-Chat-vertnoir-et-blanc-183x300.jpg 183w, http:\/\/eijgarros.fr\/wp-content\/uploads\/2025\/09\/Niels-Chat-vertnoir-et-blanc-768x1256.jpg 768w, http:\/\/eijgarros.fr\/wp-content\/uploads\/2025\/09\/Niels-Chat-vertnoir-et-blanc-939x1536.jpg 939w, http:\/\/eijgarros.fr\/wp-content\/uploads\/2025\/09\/Niels-Chat-vertnoir-et-blanc-1252x2048.jpg 1252w, http:\/\/eijgarros.fr\/wp-content\/uploads\/2025\/09\/Niels-Chat-vertnoir-et-blanc-scaled.jpg 1565w\" sizes=\"auto, (max-width: 700px) 100vw, 700px\" \/><\/figure><div class=\"wp-block-media-text__content\">\n<p>Dans cet atelier dirig\u00e9 par <strong>Niels Ankersmit<\/strong>, les \u00e9l\u00e8ves quittent l&rsquo;univers des standards du Jazz pour aller \u00e0 la rencontre d&rsquo;autres musiques, avec, toujours, l&rsquo;improvisation au coeur de leur travail.<\/p>\n<\/div><\/div>\n\n\n\n<hr class=\"wp-block-separator has-alpha-channel-opacity\"\/>\n<\/div><\/div>\n\n\n\n<div class=\"wp-block-group\"><div class=\"wp-block-group__inner-container is-layout-constrained wp-block-group-is-layout-constrained\">\n<h3 class=\"wp-block-heading\">Swing Manouche<br><em>Mardi soir<\/em><\/h3>\n\n\n\n<div class=\"wp-block-media-text is-stacked-on-mobile is-vertically-aligned-top\" style=\"grid-template-columns:30% auto\"><figure class=\"wp-block-media-text__media\"><img loading=\"lazy\" decoding=\"async\" width=\"155\" height=\"234\" src=\"http:\/\/eijgarros.fr\/wp-content\/uploads\/2023\/08\/louis-pineau-NB.jpg\" alt=\"\" class=\"wp-image-1417 size-full\"\/><\/figure><div class=\"wp-block-media-text__content\">\n<p>Dans cet atelier, dirig\u00e9 par <strong>Louis Pineau<\/strong>, les \u00e9l\u00e8ves jouent le r\u00e9pertoire de Django, du jazz traditionnel ou encore de la chanson Fran\u00e7aise, toujours dans le style manouche qui fait la part belle aux guitares mais \u00e9galement \u00e0 la clarinette, au piano, au violon, \u00e0 la contrebasse, au chant et \u00e0 la batterie !<\/p>\n<\/div><\/div>\n\n\n\n<hr class=\"wp-block-separator has-alpha-channel-opacity\"\/>\n<\/div><\/div>\n\n\n\n<div class=\"wp-block-group\"><div class=\"wp-block-group__inner-container is-layout-constrained wp-block-group-is-layout-constrained\">\n<h3 class=\"wp-block-heading\"><strong>Initiation \u00e0 la batterie (pour non batteurs)<\/strong><br><em>Lundi soir<\/em><\/h3>\n\n\n\n<div class=\"wp-block-media-text alignwide is-stacked-on-mobile is-vertically-aligned-top\"><figure class=\"wp-block-media-text__media\"><img loading=\"lazy\" decoding=\"async\" width=\"300\" height=\"200\" src=\"http:\/\/eijgarros.fr\/wp-content\/uploads\/2018\/05\/Master-Classe-et-Audition-de-Batterie-Vincent-Cordelette-Le-Rexy-Mont-Saint-Aignan-13-lt-300x200.jpg\" alt=\"\" class=\"wp-image-741 size-full\" srcset=\"http:\/\/eijgarros.fr\/wp-content\/uploads\/2018\/05\/Master-Classe-et-Audition-de-Batterie-Vincent-Cordelette-Le-Rexy-Mont-Saint-Aignan-13-lt-300x200.jpg 300w, http:\/\/eijgarros.fr\/wp-content\/uploads\/2018\/05\/Master-Classe-et-Audition-de-Batterie-Vincent-Cordelette-Le-Rexy-Mont-Saint-Aignan-13-lt-768x512.jpg 768w, http:\/\/eijgarros.fr\/wp-content\/uploads\/2018\/05\/Master-Classe-et-Audition-de-Batterie-Vincent-Cordelette-Le-Rexy-Mont-Saint-Aignan-13-lt-700x467.jpg 700w, http:\/\/eijgarros.fr\/wp-content\/uploads\/2018\/05\/Master-Classe-et-Audition-de-Batterie-Vincent-Cordelette-Le-Rexy-Mont-Saint-Aignan-13-lt.jpg 1200w\" sizes=\"auto, (max-width: 300px) 100vw, 300px\" \/><\/figure><div class=\"wp-block-media-text__content\">\n<p>La batterie est le coeur de l&rsquo;orchestre. Il est passionnant de d\u00e9couvrir ce que tempo veut dire, baguettes \u00e0 la main, lorsque l&rsquo;on est pianiste, sax, violoniste, bassiste&#8230; L&rsquo;initiation \u00e0 la batterie est assur\u00e9e par <strong>Tristan Michel<\/strong>.<\/p>\n\n\n\n<p><\/p>\n<\/div><\/div>\n\n\n\n<hr class=\"wp-block-separator has-alpha-channel-opacity\"\/>\n<\/div><\/div>\n\n\n\n<div class=\"wp-block-group\"><div class=\"wp-block-group__inner-container is-layout-constrained wp-block-group-is-layout-constrained\">\n<h3 class=\"wp-block-heading\"><strong>Initiation aux percussions<\/strong><br><em>Lundi soir<\/em><\/h3>\n\n\n\n<div class=\"wp-block-media-text alignwide is-stacked-on-mobile is-vertically-aligned-top\" style=\"grid-template-columns:29% auto\"><figure class=\"wp-block-media-text__media\"><img loading=\"lazy\" decoding=\"async\" width=\"202\" height=\"336\" src=\"http:\/\/eijgarros.fr\/wp-content\/uploads\/2025\/09\/yves-marie-dien-bw.jpg\" alt=\"\" class=\"wp-image-2151 size-full\" srcset=\"http:\/\/eijgarros.fr\/wp-content\/uploads\/2025\/09\/yves-marie-dien-bw.jpg 202w, http:\/\/eijgarros.fr\/wp-content\/uploads\/2025\/09\/yves-marie-dien-bw-180x300.jpg 180w\" sizes=\"auto, (max-width: 202px) 100vw, 202px\" \/><\/figure><div class=\"wp-block-media-text__content\">\n<p>Avec <strong>Yves-Marie Dien<\/strong>, venez vous initier aux percussions (Congas, pandeiro, cuica, berimbau et beaucoup d&rsquo;autres !) et prendre encore un peu plus conscience de l&rsquo;importance du rythme.<\/p>\n<\/div><\/div>\n\n\n\n<hr class=\"wp-block-separator has-alpha-channel-opacity\"\/>\n<\/div><\/div>\n\n\n\n<div class=\"wp-block-group\"><div class=\"wp-block-group__inner-container is-layout-constrained wp-block-group-is-layout-constrained\">\n<h3 class=\"wp-block-heading\"><strong>Harmonie<\/strong><br><em>Lundi de 17h45 \u00e0 18h45<\/em><\/h3>\n\n\n\n<div class=\"wp-block-media-text alignwide is-stacked-on-mobile is-vertically-aligned-top\"><figure class=\"wp-block-media-text__media\"><img loading=\"lazy\" decoding=\"async\" width=\"300\" height=\"200\" src=\"http:\/\/eijgarros.fr\/wp-content\/uploads\/2018\/05\/cours-d-harmonie-559629-300x200.jpg\" alt=\"\" class=\"wp-image-739 size-full\" srcset=\"http:\/\/eijgarros.fr\/wp-content\/uploads\/2018\/05\/cours-d-harmonie-559629-300x200.jpg 300w, http:\/\/eijgarros.fr\/wp-content\/uploads\/2018\/05\/cours-d-harmonie-559629-768x512.jpg 768w, http:\/\/eijgarros.fr\/wp-content\/uploads\/2018\/05\/cours-d-harmonie-559629-700x467.jpg 700w, http:\/\/eijgarros.fr\/wp-content\/uploads\/2018\/05\/cours-d-harmonie-559629.jpg 1500w\" sizes=\"auto, (max-width: 300px) 100vw, 300px\" \/><\/figure><div class=\"wp-block-media-text__content\">\n<p>Ce cours est destin\u00e9 aux \u00e9l\u00e8ves qui souhaitent travailler l&rsquo;\u00e9coute et l&rsquo;\u00e9criture des accords ainsi que leurs sp\u00e9cificit\u00e9s dans le jazz, en compagnie de <strong>R\u00e9mi Biet<\/strong>.<\/p>\n<\/div><\/div>\n\n\n\n<hr class=\"wp-block-separator has-alpha-channel-opacity\"\/>\n<\/div><\/div>\n\n\n\n<div class=\"wp-block-group alignwide\"><div class=\"wp-block-group__inner-container is-layout-constrained wp-block-group-is-layout-constrained\">\n<h3 class=\"wp-block-heading\"><strong>COACHING DE GROUPE<\/strong><br><em>Samedi de 14h00 \u00e0 16h00<\/em><\/h3>\n\n\n\n<div class=\"wp-block-media-text alignwide is-stacked-on-mobile is-vertically-aligned-top\"><figure class=\"wp-block-media-text__media\"><img loading=\"lazy\" decoding=\"async\" width=\"300\" height=\"288\" src=\"http:\/\/eijgarros.fr\/wp-content\/uploads\/2021\/06\/coaching-groupe-300x288.jpg\" alt=\"\" class=\"wp-image-1055 size-full\" srcset=\"http:\/\/eijgarros.fr\/wp-content\/uploads\/2021\/06\/coaching-groupe-300x288.jpg 300w, http:\/\/eijgarros.fr\/wp-content\/uploads\/2021\/06\/coaching-groupe.jpg 587w\" sizes=\"auto, (max-width: 300px) 100vw, 300px\" \/><\/figure><div class=\"wp-block-media-text__content\">\n<p><span style=\"font-size: large;\">Vous avez mont\u00e9 un groupe avec d&rsquo;autres \u00e9l\u00e8ves de l&rsquo;EIJ ou des musiciens ext\u00e9rieurs&nbsp;? Vous souhaitez avoir le regard artistique, les conseils d&rsquo;un musicien professionnel sur votre travail&nbsp;?<\/span><\/p>\n\n\n\n<p class=\"has-normal-font-size\">Les th\u00e8mes abord\u00e9s pourront \u00eatre tr\u00e8s vari\u00e9s en fonction des besoins :<\/p>\n\n\n\n<p style=\"font-size:17px\">Am\u00e9liorer l&rsquo;\u00e9coute interactive, se familiariser avec l&rsquo;exposition au regard des autres, obtenir un \u00ab\u00a0son de groupe\u00a0\u00bb \u00e9quilibr\u00e9, r\u00e9v\u00e9ler son potentiel artistique, conseils en visuels sc\u00e9niques, finalisation du projet artistique, apprendre \u00e0 \u00e9tablir un set list \u00e9quilibr\u00e9, conseils pour l&rsquo;organisation de concerts, etc.<\/p>\n<\/div><\/div>\n\n\n\n<p class=\"has-normal-font-size\"><em>Pour participer, merci de nous envoyer votre candidature <a href=\"http:\/\/eijgarros.fr\/wp-content\/uploads\/2021\/07\/fiche-inscription-Coaching-groupe.pdf\">(formulaire ici)<\/a> <\/em><\/p>\n\n\n\n<p class=\"has-normal-font-size\"><span style=\"font-size: large;\"><em>Les professeurs \u00e9tudieront votre demande et vous proposeront de 1 \u00e0 3 rendez-vous dans l&rsquo;ann\u00e9e. Ce coaching est gratuit pour les musiciens qui sont par ailleurs inscrits \u00e0 l&rsquo;EIJ. Une participation de 25\u20ac par s\u00e9ance sera demand\u00e9e \u00e0 chaque membre du groupe n&rsquo;\u00e9tant pas inscrit \u00e0 l&rsquo;EIJ.<\/em><\/span><\/p>\n\n\n\n<hr class=\"wp-block-separator has-alpha-channel-opacity\"\/>\n<\/div><\/div>\n","protected":false},"excerpt":{"rendered":"<p>Les \u00e9l\u00e8ves inscrits \u00e0 un cours d&rsquo;instrument peuvent participer \u00e0 un atelier compl\u00e9mentaire parmi un large choix d&rsquo;orchestres, de cours th\u00e9oriques (harmonie) ou de pratique instrumentale (initiation batterie ou percussions, coaching&#8230;). Tous les orchestres sont amen\u00e9s \u00e0 monter sur sc\u00e8ne, \u00e0 l&rsquo;occasion de spectacles de [&hellip;]<\/p>\n","protected":false},"author":1,"featured_media":0,"parent":39,"menu_order":0,"comment_status":"closed","ping_status":"closed","template":"","meta":{"footnotes":""},"class_list":["post-53","page","type-page","status-publish","hentry"],"_links":{"self":[{"href":"http:\/\/eijgarros.fr\/index.php?rest_route=\/wp\/v2\/pages\/53","targetHints":{"allow":["GET"]}}],"collection":[{"href":"http:\/\/eijgarros.fr\/index.php?rest_route=\/wp\/v2\/pages"}],"about":[{"href":"http:\/\/eijgarros.fr\/index.php?rest_route=\/wp\/v2\/types\/page"}],"author":[{"embeddable":true,"href":"http:\/\/eijgarros.fr\/index.php?rest_route=\/wp\/v2\/users\/1"}],"replies":[{"embeddable":true,"href":"http:\/\/eijgarros.fr\/index.php?rest_route=%2Fwp%2Fv2%2Fcomments&post=53"}],"version-history":[{"count":77,"href":"http:\/\/eijgarros.fr\/index.php?rest_route=\/wp\/v2\/pages\/53\/revisions"}],"predecessor-version":[{"id":2164,"href":"http:\/\/eijgarros.fr\/index.php?rest_route=\/wp\/v2\/pages\/53\/revisions\/2164"}],"up":[{"embeddable":true,"href":"http:\/\/eijgarros.fr\/index.php?rest_route=\/wp\/v2\/pages\/39"}],"wp:attachment":[{"href":"http:\/\/eijgarros.fr\/index.php?rest_route=%2Fwp%2Fv2%2Fmedia&parent=53"}],"curies":[{"name":"wp","href":"https:\/\/api.w.org\/{rel}","templated":true}]}}