{"id":55,"date":"2017-03-06T10:36:57","date_gmt":"2017-03-06T09:36:57","guid":{"rendered":"http:\/\/192.168.0.243\/?page_id=55"},"modified":"2026-02-02T17:10:20","modified_gmt":"2026-02-02T16:10:20","slug":"jazz-clubs","status":"publish","type":"page","link":"http:\/\/eijgarros.fr\/?page_id=55","title":{"rendered":"Jazz Clubs"},"content":{"rendered":"\n\n<div class=\"wp-block-image\">\n<figure class=\"aligncenter size-large\"><img loading=\"lazy\" decoding=\"async\" width=\"700\" height=\"990\" src=\"http:\/\/eijgarros.fr\/wp-content\/uploads\/2025\/09\/Affiche-Jazz-Clubs-20252026-v4-700x990.png\" alt=\"\" class=\"wp-image-2180\" srcset=\"http:\/\/eijgarros.fr\/wp-content\/uploads\/2025\/09\/Affiche-Jazz-Clubs-20252026-v4-700x990.png 700w, http:\/\/eijgarros.fr\/wp-content\/uploads\/2025\/09\/Affiche-Jazz-Clubs-20252026-v4-212x300.png 212w, http:\/\/eijgarros.fr\/wp-content\/uploads\/2025\/09\/Affiche-Jazz-Clubs-20252026-v4-768x1086.png 768w, http:\/\/eijgarros.fr\/wp-content\/uploads\/2025\/09\/Affiche-Jazz-Clubs-20252026-v4-1086x1536.png 1086w, http:\/\/eijgarros.fr\/wp-content\/uploads\/2025\/09\/Affiche-Jazz-Clubs-20252026-v4-1448x2048.png 1448w, http:\/\/eijgarros.fr\/wp-content\/uploads\/2025\/09\/Affiche-Jazz-Clubs-20252026-v4.png 1587w\" sizes=\"auto, (max-width: 700px) 100vw, 700px\" \/><\/figure>\n<\/div>\n\n\n<hr class=\"wp-block-separator has-alpha-channel-opacity\"\/>\n\n\n\n<h4 class=\"wp-block-heading\">LIEU <\/h4>\n\n\n\n<p class=\"has-text-align-left\">Espace Marc Sangnier &#8211; Rue Nicolas Poussin &#8211; 76130 Mont-Saint-Aignan <br>Transports en commun : T1, bus F2 et 8<\/p>\n\n\n\n<h4 class=\"wp-block-heading\">RESERVATIONS<\/h4>\n\n\n\n<p>Depuis notre <a href=\"http:\/\/billetterie.eijgarros.fr\/\">billetterie en ligne<\/a> (paiement par CB, billets envoy\u00e9s par mail)<\/p>\n\n\n\n<p>Sur place \u00e0 l&rsquo;Espace Marc Sangnier, du mardi au vendredi de 13h30 \u00e0 17h30<br><br><strong>Les concerts ayant lieu dans L&rsquo;Atelier se jouent g\u00e9n\u00e9ralement \u00e0 guichets ferm\u00e9s<\/strong>, il est fortement conseill\u00e9 d&rsquo;acheter votre billet \u00e0 l&rsquo;avance ! La billetterie sur place avant le concert n&rsquo;est ouverte que s&rsquo;il reste des places \u00e0 vendre.<\/p>\n\n\n\n<h4 class=\"wp-block-heading\">TARIFS<\/h4>\n\n\n\n<p>Tarif plein : 18 \u20ac<br>Tarifs r\u00e9duits : 12 \u20ac (-18 ans, \u00e9tudiants, demandeurs d\u2019emploi) &#8211; 10 \u20ac (-12 ans, \u00e9l\u00e8ves de l&rsquo;EIJ)<br>Tarifs r\u00e9duits en ligne uniquement : 10 \u20ac (\u00e9l\u00e8ves des conservatoires de Rouen et Dieppe)<br><\/p>\n\n\n\n<p>Paiement <a href=\"http:\/\/billetterie.eijgarros.fr\">en ligne<\/a> par CB<br>Paiement sur place possible en CB, ch\u00e8que, esp\u00e8ces<\/p>\n\n\n\n<hr class=\"wp-block-separator has-alpha-channel-opacity\"\/>\n\n\n\n<h2 class=\"wp-block-heading has-text-align-center\">Programmation 2025\/2026<\/h2>\n\n\n\n<hr class=\"wp-block-separator has-alpha-channel-opacity\"\/>\n\n\n\n<div class=\"wp-block-media-text is-stacked-on-mobile is-vertically-aligned-top\"><figure class=\"wp-block-media-text__media\"><img loading=\"lazy\" decoding=\"async\" width=\"700\" height=\"417\" src=\"http:\/\/eijgarros.fr\/wp-content\/uploads\/2025\/09\/akinroots02-700x417.png\" alt=\"\" class=\"wp-image-2109 size-full\" srcset=\"http:\/\/eijgarros.fr\/wp-content\/uploads\/2025\/09\/akinroots02-700x417.png 700w, http:\/\/eijgarros.fr\/wp-content\/uploads\/2025\/09\/akinroots02-300x179.png 300w, http:\/\/eijgarros.fr\/wp-content\/uploads\/2025\/09\/akinroots02-768x458.png 768w, http:\/\/eijgarros.fr\/wp-content\/uploads\/2025\/09\/akinroots02.png 956w\" sizes=\"auto, (max-width: 700px) 100vw, 700px\" \/><\/figure><div class=\"wp-block-media-text__content\">\n<h2 class=\"wp-block-heading\">Akinroots<br><br>Mardi 07 Octobre \u00e0 20h30<br>Plateau 130<\/h2>\n\n\n\n<p>Refa\u00e7onner \u00e0 leur image et faire d\u00e9couvrir avec fr\u00e9n\u00e9sie l&rsquo;univers du jazz-fusion dans tous ses \u00e9tats est le d\u00e9fi que s\u2019est donn\u00e9 Akinroots.<\/p>\n\n\n\n<p>Ce groupe est compos\u00e9 de trois amis aux origines et influences compl\u00e9mentaires tous issus du CMDL, l\u2019\u00e9cole fran\u00e7aise r\u00e9f\u00e9rente des musiques actuelles et de jazz pour les musiciens professionnels et de plusieurs Conservatoires.<\/p>\n\n\n\n<p>Moderne et contemporain, ce groupe innovateur a su trouver son \u00e9quilibre dans l&rsquo;exploration du jazz, du funk, des rythmes d\u2019Afrique de l\u2019Ouest ou encore de l\u2019\u00e9lectro. Ils nous proposent un v\u00e9ritable voyage sonore \u00e0 travers leurs compositions rafra\u00eechissantes o\u00f9 leurs origines diverses sont mises \u00e0 l\u2019honneur.<\/p>\n\n\n\n<p>Akinroots est un projet empreint de passion, de joie mais surtout de simplicit\u00e9. Un m\u00e9lange de couleurs et de cultures qui ne font qu\u2019un.<\/p>\n\n\n\n<p>Avec :<br><strong>Alexandre Bamba<\/strong> : Basse<br><strong>Louis Le Page<\/strong> : Piano, Claviers<br><strong>Adrien Verger<\/strong> : Batterie<\/p>\n\n\n\n<p><a href=\"https:\/\/www.billetweb.fr\/akinroots3&amp;multi=31694&amp;color=00a5df&amp;parent=1&amp;color=00a5df\">R\u00e9servation en ligne<\/a><\/p>\n\n\n\n<p>&nbsp;<\/p>\n\n\n\n<figure class=\"wp-block-embed is-type-video is-provider-youtube wp-block-embed-youtube wp-embed-aspect-16-9 wp-has-aspect-ratio\"><div class=\"wp-block-embed__wrapper\">\n<iframe loading=\"lazy\" title=\"Akinroots - concert en live au PAVS 2023 - by Yamaha x Son-Vid\u00e9o.com\" width=\"1200\" height=\"675\" src=\"https:\/\/www.youtube.com\/embed\/VBJgfY5uiTg?feature=oembed\" frameborder=\"0\" allow=\"accelerometer; autoplay; clipboard-write; encrypted-media; gyroscope; picture-in-picture; web-share\" referrerpolicy=\"strict-origin-when-cross-origin\" allowfullscreen><\/iframe>\n<\/div><\/figure>\n<\/div><\/div>\n\n\n\n<hr class=\"wp-block-separator has-alpha-channel-opacity\"\/>\n\n\n\n<div class=\"wp-block-media-text is-stacked-on-mobile is-vertically-aligned-top\"><figure class=\"wp-block-media-text__media\"><img loading=\"lazy\" decoding=\"async\" width=\"700\" height=\"700\" src=\"http:\/\/eijgarros.fr\/wp-content\/uploads\/2025\/09\/LAZARUSBOURGEYXNYBERGMICHELUTTI-PICS-700x700.jpg\" alt=\"\" class=\"wp-image-2186 size-full\" srcset=\"http:\/\/eijgarros.fr\/wp-content\/uploads\/2025\/09\/LAZARUSBOURGEYXNYBERGMICHELUTTI-PICS-700x700.jpg 700w, http:\/\/eijgarros.fr\/wp-content\/uploads\/2025\/09\/LAZARUSBOURGEYXNYBERGMICHELUTTI-PICS-300x300.jpg 300w, http:\/\/eijgarros.fr\/wp-content\/uploads\/2025\/09\/LAZARUSBOURGEYXNYBERGMICHELUTTI-PICS-150x150.jpg 150w, http:\/\/eijgarros.fr\/wp-content\/uploads\/2025\/09\/LAZARUSBOURGEYXNYBERGMICHELUTTI-PICS-768x768.jpg 768w, http:\/\/eijgarros.fr\/wp-content\/uploads\/2025\/09\/LAZARUSBOURGEYXNYBERGMICHELUTTI-PICS-1536x1536.jpg 1536w, http:\/\/eijgarros.fr\/wp-content\/uploads\/2025\/09\/LAZARUSBOURGEYXNYBERGMICHELUTTI-PICS-2048x2048.jpg 2048w\" sizes=\"auto, (max-width: 700px) 100vw, 700px\" \/><\/figure><div class=\"wp-block-media-text__content\">\n<h2 class=\"wp-block-heading\">Sara Lazarus, Vincent Bourgeyx, Viktor Nyberg, Andrea Michelutti<br><br>Mardi 04 Novembre \u00e0 20h30<br>Plateau 130<\/h2>\n\n\n\n<p>Un quartet international ! Chanteuse am\u00e9ricaine, pianiste fran\u00e7ais, contrebassiste su\u00e9dois, batteur italien, tous ayant \u00e9lu domicile \u00e0 Paris et menant des carri\u00e8res hautes en couleurs en compagnie des plus grands musiciens du moment\u2026 dont ils font partie !<\/p>\n<p>Au sommet de leur art, <strong>Sara Lazarus<\/strong>, laur\u00e9ate du concours international Thelonius Monk, <strong>Vincent Bourgeyx<\/strong>, dipl\u00f4m\u00e9 du Berklee&nbsp;College of Music de Boston, <strong>Viktor Nyberg<\/strong> et <strong>Andrea Michelutti<\/strong>, sidemen de luxe des jazzmen les plus en vue, nous proposent un r\u00e9pertoire plein de classe et de punch, sur le fil du jazz.<\/p>\n<p>Avec&nbsp;:<br><strong>Sara Lazarus<\/strong>&nbsp;: Chant<br><strong>Vincent Bourgeyx<\/strong>&nbsp;: Piano<br><strong>Viktor Nyberg<\/strong> : Contrebasse<br><strong>Andrea Michelutti<\/strong> : Batterie<\/p>\n<p><a href=\"https:\/\/www.billetweb.fr\/sara-lazarus-vincent-bourgeyx-viktor-nyberg-andrea-michelutti&amp;multi=31694&amp;color=00a5df&amp;parent=1&amp;color=00a5df\">R\u00e9servation en ligne<\/a><\/p>\n<\/div><\/div>\n\n\n\n<hr class=\"wp-block-separator has-alpha-channel-opacity\"\/>\n\n\n\n<div class=\"wp-block-media-text is-stacked-on-mobile is-vertically-aligned-top\"><figure class=\"wp-block-media-text__media\"><img loading=\"lazy\" decoding=\"async\" width=\"585\" height=\"557\" src=\"http:\/\/eijgarros.fr\/wp-content\/uploads\/2025\/09\/fairy-boat.png\" alt=\"\" class=\"wp-image-2193 size-full\" srcset=\"http:\/\/eijgarros.fr\/wp-content\/uploads\/2025\/09\/fairy-boat.png 585w, http:\/\/eijgarros.fr\/wp-content\/uploads\/2025\/09\/fairy-boat-300x286.png 300w\" sizes=\"auto, (max-width: 585px) 100vw, 585px\" \/><\/figure><div class=\"wp-block-media-text__content\">\n<h2 class=\"wp-block-heading\">Fairy B.O.A.T. invite Isabelle Payen + Carte blanche aux nouveaux professeurs<br><br>Mardi 02 D\u00e9cembre \u00e0 20h30<br>L&rsquo;Atelier<\/h2>\n\n\n\n<div>\n<div>Le Fairy BOAT Trio navigue volontiers entre standards du jazz, musiques de films et compositions personnelles.<\/div>\n<div>&nbsp;<\/div>\n<div>Magnifi\u00e9 par le groove envo\u00fbtant de l&rsquo;orgue Hammond, la sensualit\u00e9 du trombone, l&rsquo;expressivit\u00e9 de l&rsquo;accordina et la d\u00e9licate \u00e9nergie de la batterie, il vous transportera dans l\u2019univers f\u00e9erique du swing et de l\u2019improvisation.<\/div>\n<div>&nbsp;<\/div>\n<\/div>\n<div>Avec :<\/div>\n<div><strong>Isabelle Payen<\/strong> : Chant<\/div>\n<div><strong>C\u00e9dric Vincent<\/strong> : Batterie<\/div>\n<div><strong>Sylvain Dauriac<\/strong> : Orgue Hammond<\/div>\n<div><strong>Yves Morel<\/strong> : Accordina, Trombone<\/div>\n<div>&nbsp;<\/div>\n<div>Suivi de la Carte Blanche aux nouveaux professeurs<\/div>\n<div>&nbsp;<\/div>\n<div>Pour compl\u00e9ter la soir\u00e9e en beaut\u00e9, <strong>Am\u00e9lie PAYEN<\/strong>, <strong>Martin VIVIEN<\/strong> et <strong>Lucas BAUDON<\/strong> nous ont concoct\u00e9 un programme plein de surprises pour la traditionnelle et tr\u00e8s attendue &lsquo;Carte Blanche aux nouveaux professeurs de l&rsquo;EIJ&rsquo;.<\/div>\n<div>&nbsp;<\/div>\n<div>Avec :<\/div>\n<div><strong>Am\u00e9lie Payen<\/strong> : Chant<\/div>\n<div><strong>Lucas Baudon<\/strong> : Contrebasse<br><strong>Martin Vivien<\/strong> : Guitare<br><strong>Laurent Thomassin<\/strong> : Piano<\/div>\n<div><strong>C\u00e9dric Vincent<\/strong> : Batterie<\/div>\n<div>&nbsp;<\/div>\n<div><a href=\"https:\/\/www.billetweb.fr\/fairy-b-o-a-t-carte-blanche-aux-nouveaux-professeurs&amp;multi=31694&amp;color=00a5df&amp;parent=1&amp;color=00a5df\">R\u00e9servation en ligne<\/a><\/div>\n\n\n\n<figure class=\"wp-block-embed is-type-video is-provider-youtube wp-block-embed-youtube wp-embed-aspect-16-9 wp-has-aspect-ratio\"><div class=\"wp-block-embed__wrapper\">\n<iframe loading=\"lazy\" title=\"Isabelle Payen et Fairy Boat Trio\" width=\"1200\" height=\"675\" src=\"https:\/\/www.youtube.com\/embed\/cCTfYQcBv2g?feature=oembed\" frameborder=\"0\" allow=\"accelerometer; autoplay; clipboard-write; encrypted-media; gyroscope; picture-in-picture; web-share\" referrerpolicy=\"strict-origin-when-cross-origin\" allowfullscreen><\/iframe>\n<\/div><\/figure>\n<\/div><\/div>\n\n\n\n<hr class=\"wp-block-separator has-alpha-channel-opacity\"\/>\n\n\n\n<div class=\"wp-block-media-text is-stacked-on-mobile is-vertically-aligned-top\"><figure class=\"wp-block-media-text__media\"><img loading=\"lazy\" decoding=\"async\" width=\"450\" height=\"421\" src=\"http:\/\/eijgarros.fr\/wp-content\/uploads\/2025\/09\/texaco01.jpg\" alt=\"\" class=\"wp-image-2196 size-full\" srcset=\"http:\/\/eijgarros.fr\/wp-content\/uploads\/2025\/09\/texaco01.jpg 450w, http:\/\/eijgarros.fr\/wp-content\/uploads\/2025\/09\/texaco01-300x281.jpg 300w\" sizes=\"auto, (max-width: 450px) 100vw, 450px\" \/><\/figure><div class=\"wp-block-media-text__content\">\n<h2 class=\"wp-block-heading\">Texaco : Around the Blues<br><br>Mardi 03 F\u00e9vrier \u00e0 20h30<br>Plateau 130<\/h2>\n\n\n\n<div>Quand le Blues rencontre l\u2019essence du Rock et la libert\u00e9 du Jazz, \u00e7a donne Texaco. Une fusion \u00e9lectrisante entre tradition et modernit\u00e9, port\u00e9e par des musiciens hors pair avec une \u00e9nergie et une complicit\u00e9 incomparables.<\/div>\n<div>&nbsp;<\/div>\n<div>Texaco, c\u2019est un voyage musical, un cocktail explosif de compositions vibrantes et originales.<\/div>\n<div>&nbsp;<\/div>\n<div>&gt; Texaco sur&nbsp;<a href=\"https:\/\/www.facebook.com\/TexacoAroundTheBlues\/\" target=\"_blank\" rel=\"noopener noreferrer\">Facebook<\/a>&nbsp;et&nbsp;<a href=\"https:\/\/www.instagram.com\/texaco_aroundtheblues\" target=\"_blank\" rel=\"noopener noreferrer\">Instagram<\/a><\/div>\n<div>&nbsp;<\/div>\n<div>Avec :<\/div>\n<div><strong>Jean-Baptiste Gaudray<\/strong> : Guitare<\/div>\n<div><strong>Yves Martinez<\/strong> : Chant, Basse, Harmonica<\/div>\n<div><strong>Laurent Meyer<\/strong> : Saxophones t\u00e9nor et soprano<\/div>\n<div><strong>Marc Rodrigues<\/strong> : Batterie<\/div>\n<div>&nbsp;<\/div>\n<div><a href=\"https:\/\/www.billetweb.fr\/texaco&amp;multi=31694&amp;color=00a5df&amp;parent=1&amp;color=00a5df\">R\u00e9servation en ligne<\/a><\/div>\n\n\n\n<figure class=\"wp-block-embed is-type-video is-provider-youtube wp-block-embed-youtube wp-embed-aspect-16-9 wp-has-aspect-ratio\"><div class=\"wp-block-embed__wrapper\">\n<iframe loading=\"lazy\" title=\"Texaco : Around the Blues - Concert le 03\/02\/2026 \u00e0 l&#039;EIJ !\" width=\"1200\" height=\"675\" src=\"https:\/\/www.youtube.com\/embed\/gxjPzOfd7fE?feature=oembed\" frameborder=\"0\" allow=\"accelerometer; autoplay; clipboard-write; encrypted-media; gyroscope; picture-in-picture; web-share\" referrerpolicy=\"strict-origin-when-cross-origin\" allowfullscreen><\/iframe>\n<\/div><\/figure>\n<\/div><\/div>\n\n\n\n<hr class=\"wp-block-separator has-alpha-channel-opacity\"\/>\n\n\n\n<div class=\"wp-block-media-text is-stacked-on-mobile is-vertically-aligned-top\"><figure class=\"wp-block-media-text__media\"><img loading=\"lazy\" decoding=\"async\" width=\"700\" height=\"700\" src=\"http:\/\/eijgarros.fr\/wp-content\/uploads\/2025\/09\/thumbnail_VISUEL-EIJ-MARS-2026-dixie-fellows-700x700.jpg\" alt=\"\" class=\"wp-image-2203 size-full\" srcset=\"http:\/\/eijgarros.fr\/wp-content\/uploads\/2025\/09\/thumbnail_VISUEL-EIJ-MARS-2026-dixie-fellows-700x700.jpg 700w, http:\/\/eijgarros.fr\/wp-content\/uploads\/2025\/09\/thumbnail_VISUEL-EIJ-MARS-2026-dixie-fellows-300x300.jpg 300w, http:\/\/eijgarros.fr\/wp-content\/uploads\/2025\/09\/thumbnail_VISUEL-EIJ-MARS-2026-dixie-fellows-150x150.jpg 150w, http:\/\/eijgarros.fr\/wp-content\/uploads\/2025\/09\/thumbnail_VISUEL-EIJ-MARS-2026-dixie-fellows-768x768.jpg 768w, http:\/\/eijgarros.fr\/wp-content\/uploads\/2025\/09\/thumbnail_VISUEL-EIJ-MARS-2026-dixie-fellows-1536x1536.jpg 1536w, http:\/\/eijgarros.fr\/wp-content\/uploads\/2025\/09\/thumbnail_VISUEL-EIJ-MARS-2026-dixie-fellows.jpg 1920w\" sizes=\"auto, (max-width: 700px) 100vw, 700px\" \/><\/figure><div class=\"wp-block-media-text__content\">\n<h2 class=\"wp-block-heading\">Dixie Fellows invite Adrian Delmer + Bal Swing<br><br>Mardi 24 Mars \u00e0 20h30<br>L&rsquo;Atelier<\/h2>\n\n\n\n\n\n<div>\n<div>\n<div>Un r\u00e9pertoire tr\u00e8s orient\u00e9 Chicago Jazz (ann\u00e9es 1920-1930) pour ce concert des&nbsp;<a href=\"https:\/\/dixiefellows.e-monsite.com\/\" target=\"_blank\" rel=\"noopener noreferrer\">Dixie Fellows<\/a>, qui f\u00eateront bient\u00f4t leurs 60 ans d\u2019existence, avec un invit\u00e9 exceptionnel en la personne du violoniste et chanteur californien Adrian Delmer.<\/div>\n<div>&nbsp;<\/div>\n<div>Avec aussi \u00c9l\u00e9onore Bella et Camille Saint-Martin, qui se produiront en duo puis entra\u00eeneront dans leur sillage leur classe de danse de l\u2019EIJ.<\/div>\n<div>&nbsp;<\/div>\n<div>La soir\u00e9e se terminera par un bal ouvert \u00e0 tous les danseurs Swing et Lindy Hop souhaitant participer \u00e0 la f\u00eate !<\/div>\n<div>&nbsp;<\/div>\n<div><strong>\/!\\ Pour que les danseurs aient de l&rsquo;espace, l&rsquo;Atelier sera en configuration d\u00e9bout avec peu de places assises \/!\\<\/strong><\/div>\n<div>&nbsp;<\/div>\n<\/div>\n<div>Avec :<\/div>\n<div>\n<div><strong>Th\u00e9o Delloue<\/strong> : Trompette<\/div>\n<div><strong>Fr\u00e9d\u00e9ric Ooghe<\/strong> : Clarinette, Saxophones<\/div>\n<div><strong>Lo\u00efc Seron<\/strong> : Trombone, Chant<\/div>\n<div><strong>Louis Pineau<\/strong> : Banjo<\/div>\n<div><strong>\u00c9ric Simon<\/strong> : Soubassophone<\/div>\n<div><strong>G\u00e9rard Delloue<\/strong> : Planche \u00e0 laver<\/div>\n<div>&nbsp;<\/div>\n<div>Invit\u00e9 exceptionnel :<\/div>\n<div><strong>Adrian Delmer<\/strong> : Violon, Chant<\/div>\n<div>&nbsp;<\/div>\n<div>Et les danseurs&nbsp;<strong>\u00c9l\u00e9onore Bella<\/strong> et <strong>Camille Saint-Martin<\/strong><\/div>\n<div>&nbsp;<\/div>\n<div><a href=\"https:\/\/www.billetweb.fr\/dixie-fellows-invite-adrian-delmer-bal-swing&amp;multi=31694&amp;color=00a5df&amp;parent=1&amp;color=00a5df\">R\u00e9servation en ligne<\/a><\/div>\n<\/div>\n<\/div>\n<\/div><\/div>\n\n\n\n<hr class=\"wp-block-separator has-alpha-channel-opacity\"\/>\n\n\n\n<div class=\"wp-block-media-text is-stacked-on-mobile is-vertically-aligned-top\"><figure class=\"wp-block-media-text__media\"><img loading=\"lazy\" decoding=\"async\" width=\"700\" height=\"467\" src=\"http:\/\/eijgarros.fr\/wp-content\/uploads\/2025\/09\/jmd2-700x467.jpg\" alt=\"\" class=\"wp-image-2208 size-full\" srcset=\"http:\/\/eijgarros.fr\/wp-content\/uploads\/2025\/09\/jmd2-700x467.jpg 700w, http:\/\/eijgarros.fr\/wp-content\/uploads\/2025\/09\/jmd2-300x200.jpg 300w, http:\/\/eijgarros.fr\/wp-content\/uploads\/2025\/09\/jmd2-768x512.jpg 768w, http:\/\/eijgarros.fr\/wp-content\/uploads\/2025\/09\/jmd2-1536x1024.jpg 1536w, http:\/\/eijgarros.fr\/wp-content\/uploads\/2025\/09\/jmd2-2048x1365.jpg 2048w\" sizes=\"auto, (max-width: 700px) 100vw, 700px\" \/><\/figure><div class=\"wp-block-media-text__content\">\n<h2 class=\"wp-block-heading\">La batterie au c\u0153ur &#8211; Hommage \u00e0 Jean-Marc Dum\u00e9nil<br><br>Mardi 02 Juin \u00e0 20h30<br>Plateau 130<\/h2>\n\n\n\n<div>\n<div><em>\u00ab La batterie est n\u00e9e avec le Jazz, elle s\u2019est d\u00e9velopp\u00e9e gr\u00e2ce aux jazzmen\u2026 La batterie c\u2019est le moteur de l\u2019orchestre \u00bb<\/em>. <strong>Jean-Marc Dum\u00e9nil<\/strong> parlait ainsi de l\u2019instrument qu\u2019il a enseign\u00e9 dans notre \u00e9cole avec tant de passion. Il \u00e9tait un \u00e9l\u00e9ment moteur de l\u2019EIJ.<\/div>\n<div>&nbsp;<\/div>\n<div>Ce jazz-club r\u00e9unissant les professeurs de l\u2019Ecole et des invit\u00e9s est un hommage m\u00eal\u00e9 \u00e0 Jean-Marc et \u00e0 la place pr\u00e9pond\u00e9rante de son instrument : la batterie, dans le jazz !<\/div>\n<\/div>\n<div>&nbsp;<\/div>\n<div>Avec :<br>L\u2019ensemble des musiciens professeurs \u00e0 l\u2019EIJ et des invit\u00e9s<\/div>\n<div>&nbsp;<\/div>\n<div><a href=\"https:\/\/www.billetweb.fr\/hommage-a-jean-marc-dumenil&amp;multi=33996&amp;color=ffcb05&amp;parent=eijgarros&amp;color=ffcb05\">R\u00e9servation en ligne<\/a><\/div>\n\n\n<\/div><\/div>\n","protected":false},"excerpt":{"rendered":"<p>LIEU Espace Marc Sangnier &#8211; Rue Nicolas Poussin &#8211; 76130 Mont-Saint-Aignan Transports en commun : T1, bus F2 et 8 RESERVATIONS Depuis notre billetterie en ligne (paiement par CB, billets envoy\u00e9s par mail) Sur place \u00e0 l&rsquo;Espace Marc Sangnier, du mardi au vendredi de 13h30 [&hellip;]<\/p>\n","protected":false},"author":1,"featured_media":0,"parent":41,"menu_order":0,"comment_status":"closed","ping_status":"closed","template":"","meta":{"footnotes":""},"class_list":["post-55","page","type-page","status-publish","hentry"],"_links":{"self":[{"href":"http:\/\/eijgarros.fr\/index.php?rest_route=\/wp\/v2\/pages\/55","targetHints":{"allow":["GET"]}}],"collection":[{"href":"http:\/\/eijgarros.fr\/index.php?rest_route=\/wp\/v2\/pages"}],"about":[{"href":"http:\/\/eijgarros.fr\/index.php?rest_route=\/wp\/v2\/types\/page"}],"author":[{"embeddable":true,"href":"http:\/\/eijgarros.fr\/index.php?rest_route=\/wp\/v2\/users\/1"}],"replies":[{"embeddable":true,"href":"http:\/\/eijgarros.fr\/index.php?rest_route=%2Fwp%2Fv2%2Fcomments&post=55"}],"version-history":[{"count":195,"href":"http:\/\/eijgarros.fr\/index.php?rest_route=\/wp\/v2\/pages\/55\/revisions"}],"predecessor-version":[{"id":2278,"href":"http:\/\/eijgarros.fr\/index.php?rest_route=\/wp\/v2\/pages\/55\/revisions\/2278"}],"up":[{"embeddable":true,"href":"http:\/\/eijgarros.fr\/index.php?rest_route=\/wp\/v2\/pages\/41"}],"wp:attachment":[{"href":"http:\/\/eijgarros.fr\/index.php?rest_route=%2Fwp%2Fv2%2Fmedia&parent=55"}],"curies":[{"name":"wp","href":"https:\/\/api.w.org\/{rel}","templated":true}]}}