{"id":59,"date":"2017-03-06T10:38:29","date_gmt":"2017-03-06T09:38:29","guid":{"rendered":"http:\/\/192.168.0.243\/?page_id=59"},"modified":"2025-09-22T16:31:38","modified_gmt":"2025-09-22T14:31:38","slug":"sinscrire","status":"publish","type":"page","link":"http:\/\/eijgarros.fr\/?page_id=59","title":{"rendered":"Tarifs et inscriptions"},"content":{"rendered":"<h3 style=\"text-align: center;\">Inscriptions pour l&rsquo;ann\u00e9e 2025-2026<\/h3>\n<h4 style=\"text-align: center;\">Samedi 6 septembre 2025 \u00e0 l&rsquo;Espace Marc Sangnier<\/h4>\n<p style=\"text-align: center;\">R\u00e9inscriptions des anciens \u00e9l\u00e8ves : 10h-13h<br \/>Inscriptions des nouveaux \u00e9l\u00e8ves : 14h-16h<br \/>Renseignements au 06 08 52 17 37<br \/><em>Inscriptions possibles apr\u00e8s cette date en fonction des places restantes<\/em><\/p>\n<div style=\"border: 1px solid black; text-align: left; padding: 20px;\">\n<h3 style=\"text-align: center;\">TARIFS<\/h3>\n<p style=\"text-align: center;\"><em>Le montant de l&rsquo;adh\u00e9sion \u00e0 l&rsquo;association (20\u20ac) est inclus dans le tarif<\/em><\/p>\n<\/div>\n<p style=\"text-align: center; font-size: 50px;\">\u2193<\/p>\n<div style=\"border: 1px solid black; text-align: left; padding: 20px;\">\n<h3 style=\"text-align: center;\"><span style=\"text-decoration: underline;\">1 INSTRUMENT<\/span><\/h3>\n<p style=\"text-align: center;\">Cours collectifs (4 \u00e9l\u00e8ves par heure)<br \/>32 semaines de cours<\/p>\n<p style=\"text-align: center;\"><strong><span style=\"font-size: 36pt;\">+<\/span><\/strong><\/p>\n<h3 style=\"text-align: center;\"><span style=\"text-decoration: underline;\">1 ATELIER COMPLEMENTAIRE (COURS OU ORCHESTRE) AU CHOIX<\/span><\/h3>\n<p style=\"text-align: center;\">En fonction des places disponibles, sous r\u00e9serve d&rsquo;acceptation par le reponsable de l&rsquo;atelier<br \/>Cours collectifs<br \/>32 semaines de cours<br \/>D\u00e9tail des ateliers <a href=\"http:\/\/eijgarros.fr\/?page_id=53\">ICI<\/a><\/p>\n<\/div>\n<p style=\"text-align: center; font-size: 50px;\">\u2193<\/p>\n<div style=\"border: 1px solid black; text-align: left; padding: 20px;\">\n<h3 style=\"text-align: center;\">450\u20ac TARIF NORMAL<\/h3>\n<h3 style=\"text-align: center;\">370\u20ac TARIF REDUIT<\/h3>\n<p style=\"text-align: center;\">&#8211; de 18 ans, \u00e9tudiants non salari\u00e9s, demandeurs d&#8217;emploi<\/p>\n<p style=\"text-align: center; font-size: 50px;\">\u2193<\/p>\n<h3 style=\"text-align: center;\">INSTRUMENT SUPPLEMENTAIRE<\/h3>\n<p style=\"text-align: center;\">pour chaque instrument suppl\u00e9mentaire<\/p>\n<h3 style=\"text-align: center;\">300\u20ac TARIF NORMAL<\/h3>\n<h3 style=\"text-align: center;\">250\u20ac TARIF REDUIT<\/h3>\n<p style=\"text-align: center; font-size: 50px;\">\u2193<\/p>\n<h3 style=\"text-align: center;\">ATELIER SUPPLEMENTAIRE<br \/>(en fonction des places disponibles)<\/h3>\n<p style=\"text-align: center;\">pour chaque atelier suppl\u00e9mentaire<\/p>\n<h3 style=\"text-align: center;\">50\u20ac<\/h3>\n<h3 style=\"text-align: center;\">\u00a0<\/h3>\n<\/div>\n<p style=\"text-align: center; font-size: 50px;\">\u2193<\/p>\n<div style=\"border: 1px solid black; text-align: left; padding: 20px;\">\n<h3 style=\"text-align: center;\">INSCRIPTIONS SPECIFIQUES<\/h3>\n<h3 style=\"text-align: center;\">Ateliers hors cursus<br \/>\u2193<\/h3>\n<h3 style=\"text-align: center;\">\u00a0COURS DE DANSE LINDY HOP\u00a0<\/h3>\n<h3 style=\"text-align: center;\">250\u20ac TARIF NORMAL<\/h3>\n<h3 style=\"text-align: center;\">190\u20ac TARIF REDUIT<\/h3>\n<p style=\"text-align: center;\">\u2193<\/p>\n<h3 style=\"text-align: center;\">\u00a0ENSEMBLE VOCAL<\/h3>\n<p style=\"text-align: center;\">La participation \u00e0 l&rsquo;Ensemble vocal est soumise \u00e0 une audition pr\u00e9alable<br \/>et \u00e0 une validation du professeur<\/p>\n<h3 style=\"text-align: center;\">250\u20ac TARIF NORMAL<\/h3>\n<h3 style=\"text-align: center;\">190\u20ac TARIF REDUIT<\/h3>\n<p style=\"text-align: center;\">\u2193<\/p>\n<h3 style=\"text-align: center;\"><span style=\"color: revert; font-size: revert; font-weight: revert;\">ATELIER DECOUVERTE<\/span><\/h3>\n<p style=\"text-align: center;\">Eveil musical pour les 6-8 ans<\/p>\n<h3 style=\"text-align: center; margin: 6px;\">220\u20ac<\/h3>\n<p style=\"text-align: center;\">\u2193<\/p>\n<h3 style=\"text-align: center;\">ATELIER SANS INSTRUMENT<br \/>(en fonction des places disponibles)<\/h3>\n<p style=\"text-align: center;\">Pour un atelier au choix<\/p>\n<h3 style=\"text-align: center; margin: 6px;\">220\u20ac<\/h3>\n<\/div>\n<p style=\"text-align: center; font-size: 50px;\">\u2193<\/p>\n<div style=\"border: 1px solid black; text-align: left; padding: 20px;\">\n<h3 style=\"text-align: center;\"><span style=\"text-decoration: underline;\">Les avantages des \u00e9l\u00e8ves<\/span><\/h3>\n<h3 style=\"text-align: center;\">TARIFS REDUITS<\/h3>\n<p style=\"text-align: center;\">Aux Jazz Clubs de l&rsquo;EIJ (10\u20ac au lieu de 18\u20ac)<\/p>\n<p style=\"text-align: center;\">Aux stages organis\u00e9s par l&rsquo;EIJ (Chant, Danse&#8230;)<\/p>\n<p style=\"text-align: center;\">Aux spectacles propos\u00e9s par le<br \/>Centre Dramatique National Normandie Rouen<\/p>\n<p style=\"text-align: center;\">Aux spectacles propos\u00e9s par la ville de Mont Saint Aignan<br \/>\u00e0 l&rsquo;Espace Marc Sangnier<\/p>\n<p style=\"text-align: center;\">Aux concerts organis\u00e9s par Rouen Jazz Action<\/p>\n<p style=\"text-align: center;\">Aux concerts de La Traverse (Cl\u00e9on)<\/p>\n<h3 style=\"text-align: center;\">CD-THEQUE<\/h3>\n<p style=\"text-align: center;\">Possibilit\u00e9 d&#8217;emprunter librement de nombreux CDs conserv\u00e9s au sein de l&rsquo;EIJ.<\/p>\n<h3 style=\"text-align: center;\">ASSOCIATION<\/h3>\n<p style=\"text-align: center;\">Acc\u00e8s \u00e0 la vie de l&rsquo;association :<br \/>B\u00e9n\u00e9vole aux \u00e9v\u00e9nements, \u00eatre \u00e9lu au Conseil d&rsquo;Administration<br \/>Possibilit\u00e9 d&rsquo;annoncer ses concerts sur le panneau d&rsquo;affichage de l&rsquo;EIJ<\/p>\n<\/div>\n<p style=\"text-align: center; font-size: 50px;\">***<\/p>\n<div style=\"border: 1px solid black; text-align: left; padding: 20px;\">\n<h3 style=\"text-align: center;\"><span style=\"font-size: revert; color: initial;\">STAGES D&rsquo;IMPROVISATION VOCALE<\/span><\/h3>\n<p style=\"text-align: center;\">Stages de 3h le samedi apr\u00e8s-midi<br \/>anim\u00e9s par Isabelle Payen ou Am\u00e9lie Payen<\/p>\n<p style=\"text-align: center;\">Accessibles aux non adh\u00e9rents<\/p>\n<h3 style=\"text-align: center; margin: 6px;\">35\u20ac par stage<\/h3>\n<h3 style=\"text-align: center; margin: 6px;\">25\u20ac pour les \u00e9l\u00e8ves de l&rsquo;EIJ<\/h3>\n<p style=\"text-align: center;\"><em>La participation aux stages d&rsquo;improvisation vocale ne donne pas le statut d&rsquo;adh\u00e9rent \u00e0 l&rsquo;EIJ<\/em><\/p>\n<\/div>\n\n","protected":false},"excerpt":{"rendered":"<p>Inscriptions pour l&rsquo;ann\u00e9e 2025-2026 Samedi 6 septembre 2025 \u00e0 l&rsquo;Espace Marc Sangnier R\u00e9inscriptions des anciens \u00e9l\u00e8ves : 10h-13hInscriptions des nouveaux \u00e9l\u00e8ves : 14h-16hRenseignements au 06 08 52 17 37Inscriptions possibles apr\u00e8s cette date en fonction des places restantes TARIFS Le montant de l&rsquo;adh\u00e9sion \u00e0 l&rsquo;association [&hellip;]<\/p>\n","protected":false},"author":1,"featured_media":0,"parent":61,"menu_order":0,"comment_status":"closed","ping_status":"closed","template":"","meta":{"footnotes":""},"class_list":["post-59","page","type-page","status-publish","hentry"],"_links":{"self":[{"href":"http:\/\/eijgarros.fr\/index.php?rest_route=\/wp\/v2\/pages\/59","targetHints":{"allow":["GET"]}}],"collection":[{"href":"http:\/\/eijgarros.fr\/index.php?rest_route=\/wp\/v2\/pages"}],"about":[{"href":"http:\/\/eijgarros.fr\/index.php?rest_route=\/wp\/v2\/types\/page"}],"author":[{"embeddable":true,"href":"http:\/\/eijgarros.fr\/index.php?rest_route=\/wp\/v2\/users\/1"}],"replies":[{"embeddable":true,"href":"http:\/\/eijgarros.fr\/index.php?rest_route=%2Fwp%2Fv2%2Fcomments&post=59"}],"version-history":[{"count":63,"href":"http:\/\/eijgarros.fr\/index.php?rest_route=\/wp\/v2\/pages\/59\/revisions"}],"predecessor-version":[{"id":2213,"href":"http:\/\/eijgarros.fr\/index.php?rest_route=\/wp\/v2\/pages\/59\/revisions\/2213"}],"up":[{"embeddable":true,"href":"http:\/\/eijgarros.fr\/index.php?rest_route=\/wp\/v2\/pages\/61"}],"wp:attachment":[{"href":"http:\/\/eijgarros.fr\/index.php?rest_route=%2Fwp%2Fv2%2Fmedia&parent=59"}],"curies":[{"name":"wp","href":"https:\/\/api.w.org\/{rel}","templated":true}]}}